{"id":112,"date":"2018-01-28T16:03:10","date_gmt":"2018-01-28T15:03:10","guid":{"rendered":"https:\/\/ashobbysport.it\/?page_id=112"},"modified":"2019-05-15T21:56:38","modified_gmt":"2019-05-15T19:56:38","slug":"le-foto-della-nostra-storia","status":"publish","type":"page","link":"https:\/\/ashobbysport.it\/index.php\/chi-siamo\/le-foto-della-nostra-storia\/","title":{"rendered":"Le foto e i video della nostra storia"},"content":{"rendered":"<p>Prossimamente, un po&#8217; alla volta, qui verranno pubblicate la maggior parte delle foto fatte durante gli anni della nostra attivit\u00e0 e spezzoni video dei momenti pi\u00f9 belli e significativi.<br \/>\nQualcuno o qualcuna di voi si ritrover\u00e0&#8230; con un pizzico di nostalgia!<br \/>\nNOTA: \u00e8 sempre possibile contattarci in base alla legge sulla privacy per esercitare i propri diritti alla modifica\/cancellazione delle immagini pubblicate.<br \/>\nNOTA 2: I video sono pubblicati in versione bassa risoluzione per motivi di &#8220;peso&#8221;, chi volesse pu\u00f2 contattarci in sede per eventuali copie ad &#8220;alta&#8221; risoluzione.<\/p>\n<p><a href=\"https:\/\/ashobbysport.it\/index.php\/chi-siamo\/le-foto-della-nostra-storia\/anni-1979-2000\/\">anni 1979-2000<\/a><\/p>\n<p><a href=\"https:\/\/ashobbysport.it\/index.php\/chi-siamo\/le-foto-della-nostra-storia\/anni-2001-2005\/\">anni 2001-2005<\/a><br \/>\n<img loading=\"lazy\" decoding=\"async\" class=\"ngg-singlepic ngg-right aligncenter\" src=\"https:\/\/ashobbysport.it\/wp-content\/gallery\/molto-tempo-fa-2002\/thumbs\/thumbs_DSC00003.JPG\" alt=\"DSC00003\" width=\"240\" height=\"160\"><br \/>\n<a href=\"https:\/\/ashobbysport.it\/index.php\/chi-siamo\/le-foto-della-nostra-storia\/anni-2006-2010\/\">anni 2006-2010<\/a><br \/>\n<img decoding=\"async\" class=\"ngg-singlepic ngg-right aligncenter\" src=\"https:\/\/ashobbysport.it\/wp-content\/gallery\/tempo-fa-2010\/thumbs\/thumbs_IMG_2461.JPG\" alt=\"IMG_2461\"><\/p>\n<p><a href=\"https:\/\/ashobbysport.it\/index.php\/chi-siamo\/le-foto-della-nostra-storia\/anni-2011-2015\/\">anni 2011-2015<\/a><\/p>\n<p><a href=\"https:\/\/ashobbysport.it\/index.php\/chi-siamo\/le-foto-della-nostra-storia\/anni-2016-2020\/\">anni 2016-2020<\/a><\/p>\n","protected":false},"excerpt":{"rendered":"<p>Prossimamente, un po&#8217; alla volta, qui verranno pubblicate la maggior parte delle foto fatte durante gli anni della nostra attivit\u00e0 e spezzoni video dei momenti pi\u00f9 belli e significativi. Qualcuno o qualcuna di voi si ritrover\u00e0&#8230; con un pizzico di nostalgia! NOTA: \u00e8 sempre possibile contattarci in base alla legge sulla privacy per esercitare i &hellip; <\/p>\n<p class=\"link-more\"><a href=\"https:\/\/ashobbysport.it\/index.php\/chi-siamo\/le-foto-della-nostra-storia\/\" class=\"more-link\">Leggi tutto<span class=\"screen-reader-text\"> &#8220;Le foto e i video della nostra storia&#8221;<\/span><\/a><\/p>\n","protected":false},"author":1,"featured_media":270,"parent":26,"menu_order":2,"comment_status":"closed","ping_status":"closed","template":"","meta":{"ngg_post_thumbnail":0,"footnotes":""},"class_list":["post-112","page","type-page","status-publish","has-post-thumbnail","hentry"],"yoast_head":"<!-- This site is optimized with the Yoast SEO plugin v27.6 - https:\/\/yoast.com\/product\/yoast-seo-wordpress\/ -->\n<title>Le foto e i video della nostra storia - A.S.D. GINNASTICA HOBBY SPORT<\/title>\n<meta name=\"robots\" content=\"index, follow, max-snippet:-1, max-image-preview:large, max-video-preview:-1\" \/>\n<link rel=\"canonical\" href=\"https:\/\/ashobbysport.it\/index.php\/chi-siamo\/le-foto-della-nostra-storia\/\" \/>\n<meta property=\"og:locale\" content=\"it_IT\" \/>\n<meta property=\"og:type\" content=\"article\" \/>\n<meta property=\"og:title\" content=\"Le foto e i video della nostra storia - A.S.D. GINNASTICA HOBBY SPORT\" \/>\n<meta property=\"og:description\" content=\"Prossimamente, un po&#8217; alla volta, qui verranno pubblicate la maggior parte delle foto fatte durante gli anni della nostra attivit\u00e0 e spezzoni video dei momenti pi\u00f9 belli e significativi. Qualcuno o qualcuna di voi si ritrover\u00e0&#8230; con un pizzico di nostalgia! NOTA: \u00e8 sempre possibile contattarci in base alla legge sulla privacy per esercitare i &hellip; Leggi tutto &quot;Le foto e i video della nostra storia&quot;\" \/>\n<meta property=\"og:url\" content=\"https:\/\/ashobbysport.it\/index.php\/chi-siamo\/le-foto-della-nostra-storia\/\" \/>\n<meta property=\"og:site_name\" content=\"A.S.D. GINNASTICA HOBBY SPORT\" \/>\n<meta property=\"article:modified_time\" content=\"2019-05-15T19:56:38+00:00\" \/>\n<meta property=\"og:image\" content=\"https:\/\/ashobbysport.it\/wp-content\/uploads\/2018\/02\/2017-10-08-117-2.jpg\" \/>\n\t<meta property=\"og:image:width\" content=\"3808\" \/>\n\t<meta property=\"og:image:height\" content=\"2539\" \/>\n\t<meta property=\"og:image:type\" content=\"image\/jpeg\" \/>\n<meta name=\"twitter:card\" content=\"summary_large_image\" \/>\n<script type=\"application\/ld+json\" class=\"yoast-schema-graph\">{\"@context\":\"https:\\\/\\\/schema.org\",\"@graph\":[{\"@type\":\"WebPage\",\"@id\":\"https:\\\/\\\/ashobbysport.it\\\/index.php\\\/chi-siamo\\\/le-foto-della-nostra-storia\\\/\",\"url\":\"https:\\\/\\\/ashobbysport.it\\\/index.php\\\/chi-siamo\\\/le-foto-della-nostra-storia\\\/\",\"name\":\"Le foto e i video della nostra storia - A.S.D. GINNASTICA HOBBY SPORT\",\"isPartOf\":{\"@id\":\"https:\\\/\\\/ashobbysport.it\\\/#website\"},\"primaryImageOfPage\":{\"@id\":\"https:\\\/\\\/ashobbysport.it\\\/index.php\\\/chi-siamo\\\/le-foto-della-nostra-storia\\\/#primaryimage\"},\"image\":{\"@id\":\"https:\\\/\\\/ashobbysport.it\\\/index.php\\\/chi-siamo\\\/le-foto-della-nostra-storia\\\/#primaryimage\"},\"thumbnailUrl\":\"https:\\\/\\\/ashobbysport.it\\\/wp-content\\\/uploads\\\/2018\\\/02\\\/2017-10-08-117-2.jpg\",\"datePublished\":\"2018-01-28T15:03:10+00:00\",\"dateModified\":\"2019-05-15T19:56:38+00:00\",\"breadcrumb\":{\"@id\":\"https:\\\/\\\/ashobbysport.it\\\/index.php\\\/chi-siamo\\\/le-foto-della-nostra-storia\\\/#breadcrumb\"},\"inLanguage\":\"it-IT\",\"potentialAction\":[{\"@type\":\"ReadAction\",\"target\":[\"https:\\\/\\\/ashobbysport.it\\\/index.php\\\/chi-siamo\\\/le-foto-della-nostra-storia\\\/\"]}]},{\"@type\":\"ImageObject\",\"inLanguage\":\"it-IT\",\"@id\":\"https:\\\/\\\/ashobbysport.it\\\/index.php\\\/chi-siamo\\\/le-foto-della-nostra-storia\\\/#primaryimage\",\"url\":\"https:\\\/\\\/ashobbysport.it\\\/wp-content\\\/uploads\\\/2018\\\/02\\\/2017-10-08-117-2.jpg\",\"contentUrl\":\"https:\\\/\\\/ashobbysport.it\\\/wp-content\\\/uploads\\\/2018\\\/02\\\/2017-10-08-117-2.jpg\",\"width\":3808,\"height\":2539},{\"@type\":\"BreadcrumbList\",\"@id\":\"https:\\\/\\\/ashobbysport.it\\\/index.php\\\/chi-siamo\\\/le-foto-della-nostra-storia\\\/#breadcrumb\",\"itemListElement\":[{\"@type\":\"ListItem\",\"position\":1,\"name\":\"Home\",\"item\":\"https:\\\/\\\/ashobbysport.it\\\/\"},{\"@type\":\"ListItem\",\"position\":2,\"name\":\"Chi siamo\",\"item\":\"https:\\\/\\\/ashobbysport.it\\\/index.php\\\/chi-siamo\\\/\"},{\"@type\":\"ListItem\",\"position\":3,\"name\":\"Le foto e i video della nostra storia\"}]},{\"@type\":\"WebSite\",\"@id\":\"https:\\\/\\\/ashobbysport.it\\\/#website\",\"url\":\"https:\\\/\\\/ashobbysport.it\\\/\",\"name\":\"A.S. HOBBY SPORT\",\"description\":\"La Ginnastica elevata a potenza\",\"publisher\":{\"@id\":\"https:\\\/\\\/ashobbysport.it\\\/#organization\"},\"potentialAction\":[{\"@type\":\"SearchAction\",\"target\":{\"@type\":\"EntryPoint\",\"urlTemplate\":\"https:\\\/\\\/ashobbysport.it\\\/?s={search_term_string}\"},\"query-input\":{\"@type\":\"PropertyValueSpecification\",\"valueRequired\":true,\"valueName\":\"search_term_string\"}}],\"inLanguage\":\"it-IT\"},{\"@type\":\"Organization\",\"@id\":\"https:\\\/\\\/ashobbysport.it\\\/#organization\",\"name\":\"A.S.D.G. Hobby Sport\",\"url\":\"https:\\\/\\\/ashobbysport.it\\\/\",\"logo\":{\"@type\":\"ImageObject\",\"inLanguage\":\"it-IT\",\"@id\":\"https:\\\/\\\/ashobbysport.it\\\/#\\\/schema\\\/logo\\\/image\\\/\",\"url\":\"https:\\\/\\\/ashobbysport.it\\\/wp-content\\\/uploads\\\/2018\\\/01\\\/hobbysportcolore.jpg\",\"contentUrl\":\"https:\\\/\\\/ashobbysport.it\\\/wp-content\\\/uploads\\\/2018\\\/01\\\/hobbysportcolore.jpg\",\"width\":1179,\"height\":571,\"caption\":\"A.S.D.G. Hobby Sport\"},\"image\":{\"@id\":\"https:\\\/\\\/ashobbysport.it\\\/#\\\/schema\\\/logo\\\/image\\\/\"}}]}<\/script>\n<!-- \/ Yoast SEO plugin. -->","yoast_head_json":{"title":"Le foto e i video della nostra storia - A.S.D. GINNASTICA HOBBY SPORT","robots":{"index":"index","follow":"follow","max-snippet":"max-snippet:-1","max-image-preview":"max-image-preview:large","max-video-preview":"max-video-preview:-1"},"canonical":"https:\/\/ashobbysport.it\/index.php\/chi-siamo\/le-foto-della-nostra-storia\/","og_locale":"it_IT","og_type":"article","og_title":"Le foto e i video della nostra storia - A.S.D. GINNASTICA HOBBY SPORT","og_description":"Prossimamente, un po&#8217; alla volta, qui verranno pubblicate la maggior parte delle foto fatte durante gli anni della nostra attivit\u00e0 e spezzoni video dei momenti pi\u00f9 belli e significativi. Qualcuno o qualcuna di voi si ritrover\u00e0&#8230; con un pizzico di nostalgia! NOTA: \u00e8 sempre possibile contattarci in base alla legge sulla privacy per esercitare i &hellip; Leggi tutto \"Le foto e i video della nostra storia\"","og_url":"https:\/\/ashobbysport.it\/index.php\/chi-siamo\/le-foto-della-nostra-storia\/","og_site_name":"A.S.D. GINNASTICA HOBBY SPORT","article_modified_time":"2019-05-15T19:56:38+00:00","og_image":[{"width":3808,"height":2539,"url":"https:\/\/ashobbysport.it\/wp-content\/uploads\/2018\/02\/2017-10-08-117-2.jpg","type":"image\/jpeg"}],"twitter_card":"summary_large_image","schema":{"@context":"https:\/\/schema.org","@graph":[{"@type":"WebPage","@id":"https:\/\/ashobbysport.it\/index.php\/chi-siamo\/le-foto-della-nostra-storia\/","url":"https:\/\/ashobbysport.it\/index.php\/chi-siamo\/le-foto-della-nostra-storia\/","name":"Le foto e i video della nostra storia - A.S.D. GINNASTICA HOBBY SPORT","isPartOf":{"@id":"https:\/\/ashobbysport.it\/#website"},"primaryImageOfPage":{"@id":"https:\/\/ashobbysport.it\/index.php\/chi-siamo\/le-foto-della-nostra-storia\/#primaryimage"},"image":{"@id":"https:\/\/ashobbysport.it\/index.php\/chi-siamo\/le-foto-della-nostra-storia\/#primaryimage"},"thumbnailUrl":"https:\/\/ashobbysport.it\/wp-content\/uploads\/2018\/02\/2017-10-08-117-2.jpg","datePublished":"2018-01-28T15:03:10+00:00","dateModified":"2019-05-15T19:56:38+00:00","breadcrumb":{"@id":"https:\/\/ashobbysport.it\/index.php\/chi-siamo\/le-foto-della-nostra-storia\/#breadcrumb"},"inLanguage":"it-IT","potentialAction":[{"@type":"ReadAction","target":["https:\/\/ashobbysport.it\/index.php\/chi-siamo\/le-foto-della-nostra-storia\/"]}]},{"@type":"ImageObject","inLanguage":"it-IT","@id":"https:\/\/ashobbysport.it\/index.php\/chi-siamo\/le-foto-della-nostra-storia\/#primaryimage","url":"https:\/\/ashobbysport.it\/wp-content\/uploads\/2018\/02\/2017-10-08-117-2.jpg","contentUrl":"https:\/\/ashobbysport.it\/wp-content\/uploads\/2018\/02\/2017-10-08-117-2.jpg","width":3808,"height":2539},{"@type":"BreadcrumbList","@id":"https:\/\/ashobbysport.it\/index.php\/chi-siamo\/le-foto-della-nostra-storia\/#breadcrumb","itemListElement":[{"@type":"ListItem","position":1,"name":"Home","item":"https:\/\/ashobbysport.it\/"},{"@type":"ListItem","position":2,"name":"Chi siamo","item":"https:\/\/ashobbysport.it\/index.php\/chi-siamo\/"},{"@type":"ListItem","position":3,"name":"Le foto e i video della nostra storia"}]},{"@type":"WebSite","@id":"https:\/\/ashobbysport.it\/#website","url":"https:\/\/ashobbysport.it\/","name":"A.S. HOBBY SPORT","description":"La Ginnastica elevata a potenza","publisher":{"@id":"https:\/\/ashobbysport.it\/#organization"},"potentialAction":[{"@type":"SearchAction","target":{"@type":"EntryPoint","urlTemplate":"https:\/\/ashobbysport.it\/?s={search_term_string}"},"query-input":{"@type":"PropertyValueSpecification","valueRequired":true,"valueName":"search_term_string"}}],"inLanguage":"it-IT"},{"@type":"Organization","@id":"https:\/\/ashobbysport.it\/#organization","name":"A.S.D.G. Hobby Sport","url":"https:\/\/ashobbysport.it\/","logo":{"@type":"ImageObject","inLanguage":"it-IT","@id":"https:\/\/ashobbysport.it\/#\/schema\/logo\/image\/","url":"https:\/\/ashobbysport.it\/wp-content\/uploads\/2018\/01\/hobbysportcolore.jpg","contentUrl":"https:\/\/ashobbysport.it\/wp-content\/uploads\/2018\/01\/hobbysportcolore.jpg","width":1179,"height":571,"caption":"A.S.D.G. Hobby Sport"},"image":{"@id":"https:\/\/ashobbysport.it\/#\/schema\/logo\/image\/"}}]}},"_links":{"self":[{"href":"https:\/\/ashobbysport.it\/index.php\/wp-json\/wp\/v2\/pages\/112","targetHints":{"allow":["GET"]}}],"collection":[{"href":"https:\/\/ashobbysport.it\/index.php\/wp-json\/wp\/v2\/pages"}],"about":[{"href":"https:\/\/ashobbysport.it\/index.php\/wp-json\/wp\/v2\/types\/page"}],"author":[{"embeddable":true,"href":"https:\/\/ashobbysport.it\/index.php\/wp-json\/wp\/v2\/users\/1"}],"replies":[{"embeddable":true,"href":"https:\/\/ashobbysport.it\/index.php\/wp-json\/wp\/v2\/comments?post=112"}],"version-history":[{"count":30,"href":"https:\/\/ashobbysport.it\/index.php\/wp-json\/wp\/v2\/pages\/112\/revisions"}],"predecessor-version":[{"id":2919,"href":"https:\/\/ashobbysport.it\/index.php\/wp-json\/wp\/v2\/pages\/112\/revisions\/2919"}],"up":[{"embeddable":true,"href":"https:\/\/ashobbysport.it\/index.php\/wp-json\/wp\/v2\/pages\/26"}],"wp:featuredmedia":[{"embeddable":true,"href":"https:\/\/ashobbysport.it\/index.php\/wp-json\/wp\/v2\/media\/270"}],"wp:attachment":[{"href":"https:\/\/ashobbysport.it\/index.php\/wp-json\/wp\/v2\/media?parent=112"}],"curies":[{"name":"wp","href":"https:\/\/api.w.org\/{rel}","templated":true}]}}