{"id":27,"date":"2018-01-25T23:51:09","date_gmt":"2018-01-25T22:51:09","guid":{"rendered":"https:\/\/ashobbysport.it\/?page_id=27"},"modified":"2024-07-07T19:08:23","modified_gmt":"2024-07-07T17:08:23","slug":"contatti","status":"publish","type":"page","link":"https:\/\/ashobbysport.it\/index.php\/contatti\/","title":{"rendered":"Contatti"},"content":{"rendered":"<p><strong>Indirizzo<\/strong><br \/>\nVia Salvatore Albani 1<br \/>\n96014 Floridia (SR)<\/p>\n<p><strong>Orari<\/strong><br \/>\nluned\u00ec, mercoled\u00ec, venerd\u00ec: 09:00\u201321:00<br \/>\nmarted\u00ec, gioved\u00ec: 16:00-21:00<br \/>\nsabato e domenica: chiuso<\/p>\n<p><strong>Segreteria:<\/strong><br \/>\nluned\u00ec\u2014venerd\u00ec: 16:00\u201320:00<br \/>\nTel. 0931940240&nbsp; e-mail: ashobbysport@tiscali.it<\/p>\n<p><strong>Tutela contro gli abusi, le violenze e le discriminazioni:<\/strong><br \/>\n<strong>SAFEGUARDING OFFICER:<\/strong> <em>recavid@teamartist.com<\/em><br \/>\n<em><a href=\"https:\/\/ashobbysport.it\/index.php\/documenti-e-modulistica\/safeguarding\/\">(vedi la pagina dedicata)<\/a><\/em><\/p>\n<p>Informazioni in sede durante gli orari di apertura.<\/p>\n<p><strong>Sede:<\/strong><br \/>\n<iframe loading=\"lazy\" style=\"border: 0;\" src=\"https:\/\/www.google.com\/maps\/embed?pb=!1m14!1m8!1m3!1d3182.5175561220785!2d15.1502138!3d37.0927958!3m2!1i1024!2i768!4f13.1!3m3!1m2!1s0x1313d167f282f04b%3A0x73ab50e616eb80bb!2sA.s.d.g.+Hobby+Sport!5e0!3m2!1sit!2sit!4v1517074719203\" width=\"600\" height=\"450\" frameborder=\"0\" allowfullscreen=\"allowfullscreen\"><\/iframe><\/p>\n","protected":false},"excerpt":{"rendered":"<p>Indirizzo Via Salvatore Albani 1 96014 Floridia (SR) Orari luned\u00ec, mercoled\u00ec, venerd\u00ec: 09:00\u201321:00 marted\u00ec, gioved\u00ec: 16:00-21:00 sabato e domenica: chiuso Segreteria: luned\u00ec\u2014venerd\u00ec: 16:00\u201320:00 Tel. 0931940240&nbsp; e-mail: ashobbysport@tiscali.it Tutela contro gli abusi, le violenze e le discriminazioni: SAFEGUARDING OFFICER: recavid@teamartist.com (vedi la pagina dedicata) Informazioni in sede durante gli orari di apertura. Sede:<\/p>\n","protected":false},"author":1,"featured_media":71,"parent":0,"menu_order":4,"comment_status":"closed","ping_status":"closed","template":"","meta":{"ngg_post_thumbnail":0,"footnotes":""},"class_list":["post-27","page","type-page","status-publish","has-post-thumbnail","hentry"],"yoast_head":"<!-- This site is optimized with the Yoast SEO plugin v27.6 - https:\/\/yoast.com\/product\/yoast-seo-wordpress\/ -->\n<title>Contatti - A.S.D. GINNASTICA HOBBY SPORT<\/title>\n<meta name=\"robots\" content=\"index, follow, max-snippet:-1, max-image-preview:large, max-video-preview:-1\" \/>\n<link rel=\"canonical\" href=\"https:\/\/ashobbysport.it\/index.php\/contatti\/\" \/>\n<meta property=\"og:locale\" content=\"it_IT\" \/>\n<meta property=\"og:type\" content=\"article\" \/>\n<meta property=\"og:title\" content=\"Contatti - A.S.D. GINNASTICA HOBBY SPORT\" \/>\n<meta property=\"og:description\" content=\"Indirizzo Via Salvatore Albani 1 96014 Floridia (SR) Orari luned\u00ec, mercoled\u00ec, venerd\u00ec: 09:00\u201321:00 marted\u00ec, gioved\u00ec: 16:00-21:00 sabato e domenica: chiuso Segreteria: luned\u00ec\u2014venerd\u00ec: 16:00\u201320:00 Tel. 0931940240&nbsp; e-mail: ashobbysport@tiscali.it Tutela contro gli abusi, le violenze e le discriminazioni: SAFEGUARDING OFFICER: recavid@teamartist.com (vedi la pagina dedicata) Informazioni in sede durante gli orari di apertura. Sede:\" \/>\n<meta property=\"og:url\" content=\"https:\/\/ashobbysport.it\/index.php\/contatti\/\" \/>\n<meta property=\"og:site_name\" content=\"A.S.D. GINNASTICA HOBBY SPORT\" \/>\n<meta property=\"article:modified_time\" content=\"2024-07-07T17:08:23+00:00\" \/>\n<meta property=\"og:image\" content=\"https:\/\/ashobbysport.it\/wp-content\/uploads\/2018\/01\/dreamstime_xl_33336481-1024x819.jpg\" \/>\n\t<meta property=\"og:image:width\" content=\"1024\" \/>\n\t<meta property=\"og:image:height\" content=\"819\" \/>\n\t<meta property=\"og:image:type\" content=\"image\/jpeg\" \/>\n<meta name=\"twitter:card\" content=\"summary_large_image\" \/>\n<meta name=\"twitter:label1\" content=\"Tempo di lettura stimato\" \/>\n\t<meta name=\"twitter:data1\" content=\"1 minuto\" \/>\n<script type=\"application\/ld+json\" class=\"yoast-schema-graph\">{\"@context\":\"https:\\\/\\\/schema.org\",\"@graph\":[{\"@type\":\"WebPage\",\"@id\":\"https:\\\/\\\/ashobbysport.it\\\/index.php\\\/contatti\\\/\",\"url\":\"https:\\\/\\\/ashobbysport.it\\\/index.php\\\/contatti\\\/\",\"name\":\"Contatti - A.S.D. GINNASTICA HOBBY SPORT\",\"isPartOf\":{\"@id\":\"https:\\\/\\\/ashobbysport.it\\\/#website\"},\"primaryImageOfPage\":{\"@id\":\"https:\\\/\\\/ashobbysport.it\\\/index.php\\\/contatti\\\/#primaryimage\"},\"image\":{\"@id\":\"https:\\\/\\\/ashobbysport.it\\\/index.php\\\/contatti\\\/#primaryimage\"},\"thumbnailUrl\":\"https:\\\/\\\/ashobbysport.it\\\/wp-content\\\/uploads\\\/2018\\\/01\\\/dreamstime_xl_33336481.jpg\",\"datePublished\":\"2018-01-25T22:51:09+00:00\",\"dateModified\":\"2024-07-07T17:08:23+00:00\",\"breadcrumb\":{\"@id\":\"https:\\\/\\\/ashobbysport.it\\\/index.php\\\/contatti\\\/#breadcrumb\"},\"inLanguage\":\"it-IT\",\"potentialAction\":[{\"@type\":\"ReadAction\",\"target\":[\"https:\\\/\\\/ashobbysport.it\\\/index.php\\\/contatti\\\/\"]}]},{\"@type\":\"ImageObject\",\"inLanguage\":\"it-IT\",\"@id\":\"https:\\\/\\\/ashobbysport.it\\\/index.php\\\/contatti\\\/#primaryimage\",\"url\":\"https:\\\/\\\/ashobbysport.it\\\/wp-content\\\/uploads\\\/2018\\\/01\\\/dreamstime_xl_33336481.jpg\",\"contentUrl\":\"https:\\\/\\\/ashobbysport.it\\\/wp-content\\\/uploads\\\/2018\\\/01\\\/dreamstime_xl_33336481.jpg\",\"width\":3161,\"height\":2529},{\"@type\":\"BreadcrumbList\",\"@id\":\"https:\\\/\\\/ashobbysport.it\\\/index.php\\\/contatti\\\/#breadcrumb\",\"itemListElement\":[{\"@type\":\"ListItem\",\"position\":1,\"name\":\"Home\",\"item\":\"https:\\\/\\\/ashobbysport.it\\\/\"},{\"@type\":\"ListItem\",\"position\":2,\"name\":\"Contatti\"}]},{\"@type\":\"WebSite\",\"@id\":\"https:\\\/\\\/ashobbysport.it\\\/#website\",\"url\":\"https:\\\/\\\/ashobbysport.it\\\/\",\"name\":\"A.S. HOBBY SPORT\",\"description\":\"La Ginnastica elevata a potenza\",\"publisher\":{\"@id\":\"https:\\\/\\\/ashobbysport.it\\\/#organization\"},\"potentialAction\":[{\"@type\":\"SearchAction\",\"target\":{\"@type\":\"EntryPoint\",\"urlTemplate\":\"https:\\\/\\\/ashobbysport.it\\\/?s={search_term_string}\"},\"query-input\":{\"@type\":\"PropertyValueSpecification\",\"valueRequired\":true,\"valueName\":\"search_term_string\"}}],\"inLanguage\":\"it-IT\"},{\"@type\":\"Organization\",\"@id\":\"https:\\\/\\\/ashobbysport.it\\\/#organization\",\"name\":\"A.S.D.G. Hobby Sport\",\"url\":\"https:\\\/\\\/ashobbysport.it\\\/\",\"logo\":{\"@type\":\"ImageObject\",\"inLanguage\":\"it-IT\",\"@id\":\"https:\\\/\\\/ashobbysport.it\\\/#\\\/schema\\\/logo\\\/image\\\/\",\"url\":\"https:\\\/\\\/ashobbysport.it\\\/wp-content\\\/uploads\\\/2018\\\/01\\\/hobbysportcolore.jpg\",\"contentUrl\":\"https:\\\/\\\/ashobbysport.it\\\/wp-content\\\/uploads\\\/2018\\\/01\\\/hobbysportcolore.jpg\",\"width\":1179,\"height\":571,\"caption\":\"A.S.D.G. Hobby Sport\"},\"image\":{\"@id\":\"https:\\\/\\\/ashobbysport.it\\\/#\\\/schema\\\/logo\\\/image\\\/\"}}]}<\/script>\n<!-- \/ Yoast SEO plugin. -->","yoast_head_json":{"title":"Contatti - A.S.D. GINNASTICA HOBBY SPORT","robots":{"index":"index","follow":"follow","max-snippet":"max-snippet:-1","max-image-preview":"max-image-preview:large","max-video-preview":"max-video-preview:-1"},"canonical":"https:\/\/ashobbysport.it\/index.php\/contatti\/","og_locale":"it_IT","og_type":"article","og_title":"Contatti - A.S.D. GINNASTICA HOBBY SPORT","og_description":"Indirizzo Via Salvatore Albani 1 96014 Floridia (SR) Orari luned\u00ec, mercoled\u00ec, venerd\u00ec: 09:00\u201321:00 marted\u00ec, gioved\u00ec: 16:00-21:00 sabato e domenica: chiuso Segreteria: luned\u00ec\u2014venerd\u00ec: 16:00\u201320:00 Tel. 0931940240&nbsp; e-mail: ashobbysport@tiscali.it Tutela contro gli abusi, le violenze e le discriminazioni: SAFEGUARDING OFFICER: recavid@teamartist.com (vedi la pagina dedicata) Informazioni in sede durante gli orari di apertura. Sede:","og_url":"https:\/\/ashobbysport.it\/index.php\/contatti\/","og_site_name":"A.S.D. GINNASTICA HOBBY SPORT","article_modified_time":"2024-07-07T17:08:23+00:00","og_image":[{"width":1024,"height":819,"url":"https:\/\/ashobbysport.it\/wp-content\/uploads\/2018\/01\/dreamstime_xl_33336481-1024x819.jpg","type":"image\/jpeg"}],"twitter_card":"summary_large_image","twitter_misc":{"Tempo di lettura stimato":"1 minuto"},"schema":{"@context":"https:\/\/schema.org","@graph":[{"@type":"WebPage","@id":"https:\/\/ashobbysport.it\/index.php\/contatti\/","url":"https:\/\/ashobbysport.it\/index.php\/contatti\/","name":"Contatti - A.S.D. GINNASTICA HOBBY SPORT","isPartOf":{"@id":"https:\/\/ashobbysport.it\/#website"},"primaryImageOfPage":{"@id":"https:\/\/ashobbysport.it\/index.php\/contatti\/#primaryimage"},"image":{"@id":"https:\/\/ashobbysport.it\/index.php\/contatti\/#primaryimage"},"thumbnailUrl":"https:\/\/ashobbysport.it\/wp-content\/uploads\/2018\/01\/dreamstime_xl_33336481.jpg","datePublished":"2018-01-25T22:51:09+00:00","dateModified":"2024-07-07T17:08:23+00:00","breadcrumb":{"@id":"https:\/\/ashobbysport.it\/index.php\/contatti\/#breadcrumb"},"inLanguage":"it-IT","potentialAction":[{"@type":"ReadAction","target":["https:\/\/ashobbysport.it\/index.php\/contatti\/"]}]},{"@type":"ImageObject","inLanguage":"it-IT","@id":"https:\/\/ashobbysport.it\/index.php\/contatti\/#primaryimage","url":"https:\/\/ashobbysport.it\/wp-content\/uploads\/2018\/01\/dreamstime_xl_33336481.jpg","contentUrl":"https:\/\/ashobbysport.it\/wp-content\/uploads\/2018\/01\/dreamstime_xl_33336481.jpg","width":3161,"height":2529},{"@type":"BreadcrumbList","@id":"https:\/\/ashobbysport.it\/index.php\/contatti\/#breadcrumb","itemListElement":[{"@type":"ListItem","position":1,"name":"Home","item":"https:\/\/ashobbysport.it\/"},{"@type":"ListItem","position":2,"name":"Contatti"}]},{"@type":"WebSite","@id":"https:\/\/ashobbysport.it\/#website","url":"https:\/\/ashobbysport.it\/","name":"A.S. HOBBY SPORT","description":"La Ginnastica elevata a potenza","publisher":{"@id":"https:\/\/ashobbysport.it\/#organization"},"potentialAction":[{"@type":"SearchAction","target":{"@type":"EntryPoint","urlTemplate":"https:\/\/ashobbysport.it\/?s={search_term_string}"},"query-input":{"@type":"PropertyValueSpecification","valueRequired":true,"valueName":"search_term_string"}}],"inLanguage":"it-IT"},{"@type":"Organization","@id":"https:\/\/ashobbysport.it\/#organization","name":"A.S.D.G. Hobby Sport","url":"https:\/\/ashobbysport.it\/","logo":{"@type":"ImageObject","inLanguage":"it-IT","@id":"https:\/\/ashobbysport.it\/#\/schema\/logo\/image\/","url":"https:\/\/ashobbysport.it\/wp-content\/uploads\/2018\/01\/hobbysportcolore.jpg","contentUrl":"https:\/\/ashobbysport.it\/wp-content\/uploads\/2018\/01\/hobbysportcolore.jpg","width":1179,"height":571,"caption":"A.S.D.G. Hobby Sport"},"image":{"@id":"https:\/\/ashobbysport.it\/#\/schema\/logo\/image\/"}}]}},"_links":{"self":[{"href":"https:\/\/ashobbysport.it\/index.php\/wp-json\/wp\/v2\/pages\/27","targetHints":{"allow":["GET"]}}],"collection":[{"href":"https:\/\/ashobbysport.it\/index.php\/wp-json\/wp\/v2\/pages"}],"about":[{"href":"https:\/\/ashobbysport.it\/index.php\/wp-json\/wp\/v2\/types\/page"}],"author":[{"embeddable":true,"href":"https:\/\/ashobbysport.it\/index.php\/wp-json\/wp\/v2\/users\/1"}],"replies":[{"embeddable":true,"href":"https:\/\/ashobbysport.it\/index.php\/wp-json\/wp\/v2\/comments?post=27"}],"version-history":[{"count":12,"href":"https:\/\/ashobbysport.it\/index.php\/wp-json\/wp\/v2\/pages\/27\/revisions"}],"predecessor-version":[{"id":3633,"href":"https:\/\/ashobbysport.it\/index.php\/wp-json\/wp\/v2\/pages\/27\/revisions\/3633"}],"wp:featuredmedia":[{"embeddable":true,"href":"https:\/\/ashobbysport.it\/index.php\/wp-json\/wp\/v2\/media\/71"}],"wp:attachment":[{"href":"https:\/\/ashobbysport.it\/index.php\/wp-json\/wp\/v2\/media?parent=27"}],"curies":[{"name":"wp","href":"https:\/\/api.w.org\/{rel}","templated":true}]}}